{"id":266,"date":"2025-04-07T15:54:44","date_gmt":"2025-04-07T13:54:44","guid":{"rendered":"http:\/\/heos-productions.fr\/?page_id=266"},"modified":"2025-04-22T10:39:39","modified_gmt":"2025-04-22T08:39:39","slug":"artistes-visuels","status":"publish","type":"page","link":"https:\/\/heos-productions.fr\/?page_id=266","title":{"rendered":"ARTISTES VISUELS"},"content":{"rendered":"<p>[et_pb_section fb_built=\u00a0\u00bb1&Prime; admin_label=\u00a0\u00bbHeader &#038; Models\u00a0\u00bb _builder_version=\u00a0\u00bb4.24.2&Prime; _module_preset=\u00a0\u00bbdefault\u00a0\u00bb collapsed=\u00a0\u00bbon\u00a0\u00bb global_colors_info=\u00a0\u00bb{}\u00a0\u00bb][et_pb_row use_custom_gutter=\u00a0\u00bbon\u00a0\u00bb gutter_width=\u00a0\u00bb2&Prime; _builder_version=\u00a0\u00bb4.24.2&Prime; _module_preset=\u00a0\u00bbdefault\u00a0\u00bb width=\u00a0\u00bb90%\u00a0\u00bb max_width=\u00a0\u00bbnone\u00a0\u00bb global_colors_info=\u00a0\u00bb{}\u00a0\u00bb][et_pb_column type=\u00a0\u00bb4_4&Prime; _builder_version=\u00a0\u00bb4.24.2&Prime; _module_preset=\u00a0\u00bbdefault\u00a0\u00bb global_colors_info=\u00a0\u00bb{}\u00a0\u00bb][et_pb_text _builder_version=\u00a0\u00bb4.24.2&Prime; _module_preset=\u00a0\u00bb35e4862b-248b-42bb-a3dd-ec9a8bbe9ecd\u00a0\u00bb global_colors_info=\u00a0\u00bb{}\u00a0\u00bb inline_fonts=\u00a0\u00bbPlayfair Display\u00a0\u00bb]<\/p>\n<h1><span style=\"font-family: 'Playfair Display';\">ARTISTES VISUELS<\/span><\/h1>\n<p>[\/et_pb_text][\/et_pb_column][\/et_pb_row][et_pb_row column_structure=\u00a0\u00bb1_4,1_4,1_4,1_4&Prime; use_custom_gutter=\u00a0\u00bbon\u00a0\u00bb gutter_width=\u00a0\u00bb2&Prime; custom_padding_last_edited=\u00a0\u00bbon|desktop\u00a0\u00bb _builder_version=\u00a0\u00bb4.24.2&Prime; _module_preset=\u00a0\u00bbdefault\u00a0\u00bb width=\u00a0\u00bb90%\u00a0\u00bb max_width=\u00a0\u00bbnone\u00a0\u00bb custom_padding_tablet=\u00a0\u00bb0px||||false|false\u00a0\u00bb custom_padding_phone=\u00a0\u00bb0px||||false|false\u00a0\u00bb global_colors_info=\u00a0\u00bb{}\u00a0\u00bb][et_pb_column type=\u00a0\u00bb1_4&Prime; _builder_version=\u00a0\u00bb4.24.2&Prime; _module_preset=\u00a0\u00bbdefault\u00a0\u00bb global_colors_info=\u00a0\u00bb{}\u00a0\u00bb][et_pb_image src=\u00a0\u00bbhttp:\/\/heos-productions.fr\/wp-content\/uploads\/2025\/03\/modeling-agency-35.jpg\u00a0\u00bb title_text=\u00a0\u00bbPortrait 2&Prime; show_in_lightbox=\u00a0\u00bbon\u00a0\u00bb overlay_icon_color=\u00a0\u00bb#FFFFFF\u00a0\u00bb hover_overlay_color=\u00a0\u00bbrgba(198,186,172,0.5)\u00a0\u00bb _builder_version=\u00a0\u00bb4.24.2&Prime; _module_preset=\u00a0\u00bb910d1cf5-b7f7-415d-93dd-5a6b182b5be4&Prime; custom_margin=\u00a0\u00bb||20px||false|false\u00a0\u00bb global_colors_info=\u00a0\u00bb{}\u00a0\u00bb][\/et_pb_image][et_pb_text _builder_version=\u00a0\u00bb4.24.2&Prime; _module_preset=\u00a0\u00bb77200cc7-650b-4f4e-9412-21f88618ba75&Prime; global_colors_info=\u00a0\u00bb{}\u00a0\u00bb]<\/p>\n<p>Bessie Cooper<\/p>\n<p>[\/et_pb_text][\/et_pb_column][et_pb_column type=\u00a0\u00bb1_4&Prime; _builder_version=\u00a0\u00bb4.24.2&Prime; _module_preset=\u00a0\u00bbdefault\u00a0\u00bb global_colors_info=\u00a0\u00bb{}\u00a0\u00bb][\/et_pb_column][et_pb_column type=\u00a0\u00bb1_4&Prime; _builder_version=\u00a0\u00bb4.24.2&Prime; _module_preset=\u00a0\u00bbdefault\u00a0\u00bb global_colors_info=\u00a0\u00bb{}\u00a0\u00bb][\/et_pb_column][et_pb_column type=\u00a0\u00bb1_4&Prime; _builder_version=\u00a0\u00bb4.24.2&Prime; _module_preset=\u00a0\u00bbdefault\u00a0\u00bb global_colors_info=\u00a0\u00bb{}\u00a0\u00bb][\/et_pb_column][\/et_pb_row][\/et_pb_section][et_pb_section fb_built=\u00a0\u00bb1&Prime; admin_label=\u00a0\u00bbCall to Action\u00a0\u00bb _builder_version=\u00a0\u00bb4.24.2&Prime; _module_preset=\u00a0\u00bbdefault\u00a0\u00bb background_color=\u00a0\u00bb#000000&Prime; locked=\u00a0\u00bboff\u00a0\u00bb collapsed=\u00a0\u00bbon\u00a0\u00bb global_colors_info=\u00a0\u00bb{}\u00a0\u00bb][et_pb_row column_structure=\u00a0\u00bb1_2,1_2&Prime; _builder_version=\u00a0\u00bb4.24.2&Prime; _module_preset=\u00a0\u00bbdefault\u00a0\u00bb width=\u00a0\u00bb90%\u00a0\u00bb max_width=\u00a0\u00bb2000px\u00a0\u00bb global_colors_info=\u00a0\u00bb{}\u00a0\u00bb][et_pb_column type=\u00a0\u00bb1_2&Prime; _builder_version=\u00a0\u00bb4.24.2&Prime; _module_preset=\u00a0\u00bbdefault\u00a0\u00bb global_colors_info=\u00a0\u00bb{}\u00a0\u00bb][et_pb_text _builder_version=\u00a0\u00bb4.27.4&Prime; _module_preset=\u00a0\u00bbbb646505-4232-4583-8c52-c85432abd7c3&Prime; header_2_text_color=\u00a0\u00bb#FFFFFF\u00a0\u00bb global_colors_info=\u00a0\u00bb{}\u00a0\u00bb inline_fonts=\u00a0\u00bbPlayfair Display\u00a0\u00bb]<\/p>\n<h2><span style=\"font-family: 'Playfair Display'; font-weight: normal;\">nous rejoindre<\/span><\/h2>\n<p>&nbsp;<\/p>\n<p>[\/et_pb_text][\/et_pb_column][et_pb_column type=\u00a0\u00bb1_2&Prime; _builder_version=\u00a0\u00bb4.24.2&Prime; _module_preset=\u00a0\u00bbdefault\u00a0\u00bb global_colors_info=\u00a0\u00bb{}\u00a0\u00bb][et_pb_text _builder_version=\u00a0\u00bb4.27.4&Prime; _module_preset=\u00a0\u00bbdfba9282-3c09-4410-98fe-6d582de21e20&Prime; text_text_color=\u00a0\u00bb#FFFFFF\u00a0\u00bb max_width=\u00a0\u00bb679px\u00a0\u00bb global_colors_info=\u00a0\u00bb{}\u00a0\u00bb inline_fonts=\u00a0\u00bbLora\u00a0\u00bb]<\/p>\n<p><span style=\"font-family: Lora;\">Vous \u00eates artiste, chanteur ou passionn\u00e9 de musique et vous souhaitez collaborer avec nous ?<\/span><br data-start=\"92\" data-end=\"95\" \/><span style=\"font-family: Lora;\">L\u2019\u00e9quipe HEOS PRODUCTIONS est \u00e0 votre \u00e9coute pour r\u00e9pondre \u00e0 vos questions et \u00e9changer sur vos projets.<\/span><br data-start=\"278\" data-end=\"281\" \/><span style=\"font-family: Lora;\">Nous vous r\u00e9pondrons dans les plus brefs d\u00e9lais.<\/span><\/p>\n<p>[\/et_pb_text][et_pb_button button_url=\u00a0\u00bbhttp:\/\/heos-productions.fr\/?page_id=42&Prime; button_text=\u00a0\u00bbcontactez nous\u00a0\u00bb _builder_version=\u00a0\u00bb4.27.4&Prime; _module_preset=\u00a0\u00bb912ab5e6-4217-4411-9648-ae18c457d158&Prime; global_colors_info=\u00a0\u00bb{}\u00a0\u00bb][\/et_pb_button][\/et_pb_column][\/et_pb_row][\/et_pb_section][et_pb_section fb_built=\u00a0\u00bb1&Prime; admin_label=\u00a0\u00bbFooter\u00a0\u00bb _builder_version=\u00a0\u00bb4.24.2&Prime; _module_preset=\u00a0\u00bbdefault\u00a0\u00bb saved_tabs=\u00a0\u00bball\u00a0\u00bb locked=\u00a0\u00bboff\u00a0\u00bb collapsed=\u00a0\u00bbon\u00a0\u00bb global_colors_info=\u00a0\u00bb{}\u00a0\u00bb][et_pb_row column_structure=\u00a0\u00bb1_3,1_3,1_3&Prime; _builder_version=\u00a0\u00bb4.27.4&Prime; _module_preset=\u00a0\u00bbdefault\u00a0\u00bb width=\u00a0\u00bb90%\u00a0\u00bb max_width=\u00a0\u00bbnone\u00a0\u00bb locked=\u00a0\u00bboff\u00a0\u00bb global_colors_info=\u00a0\u00bb{}\u00a0\u00bb][et_pb_column type=\u00a0\u00bb1_3&Prime; _builder_version=\u00a0\u00bb4.24.2&Prime; _module_preset=\u00a0\u00bbdefault\u00a0\u00bb global_colors_info=\u00a0\u00bb{}\u00a0\u00bb][et_pb_text _builder_version=\u00a0\u00bb4.27.4&Prime; _module_preset=\u00a0\u00bb95c8dd15-4005-4f68-b837-6b3e674b00a3&Prime; header_4_text_color=\u00a0\u00bbgcid-026ff79c-cfbd-4464-8301-81adff325a85&Prime; custom_margin=\u00a0\u00bb||0px||false|false\u00a0\u00bb inline_fonts=\u00a0\u00bbPlayfair Display\u00a0\u00bb global_colors_info=\u00a0\u00bb{%22gcid-026ff79c-cfbd-4464-8301-81adff325a85%22:%91%22header_4_text_color%22%93}\u00a0\u00bb]<\/p>\n<h4 style=\"text-align: center;\"><span style=\"color: #9d7153; font-family: 'Playfair Display'; font-weight: normal;\"><strong>Contacts<\/strong><\/span><\/h4>\n<p>[\/et_pb_text][et_pb_text _builder_version=\u00a0\u00bb4.27.4&Prime; _module_preset=\u00a0\u00bb6920fed6-c23b-4f65-9de1-6aaf9b6afe71&Prime; text_text_color=\u00a0\u00bb#000000&Prime; link_text_color=\u00a0\u00bb#000000&Prime; custom_margin=\u00a0\u00bb||10px||false|false\u00a0\u00bb inline_fonts=\u00a0\u00bbLora\u00a0\u00bb global_colors_info=\u00a0\u00bb{}\u00a0\u00bb]<\/p>\n<p style=\"text-align: center;\"><span style=\"font-family: Lora;\">heos.productions@yahoo.com<\/span><\/p>\n<p>[\/et_pb_text][et_pb_text _builder_version=\u00a0\u00bb4.27.4&Prime; _module_preset=\u00a0\u00bb6920fed6-c23b-4f65-9de1-6aaf9b6afe71&Prime; text_text_color=\u00a0\u00bb#000000&Prime; link_text_color=\u00a0\u00bb#000000&Prime; custom_margin=\u00a0\u00bb||10px||false|false\u00a0\u00bb inline_fonts=\u00a0\u00bbLora\u00a0\u00bb global_colors_info=\u00a0\u00bb{}\u00a0\u00bb]<\/p>\n<p style=\"text-align: center;\"><span style=\"font-family: Lora;\">06 60 84 39 57<\/span><\/p>\n<p>[\/et_pb_text][\/et_pb_column][et_pb_column type=\u00a0\u00bb1_3&Prime; _builder_version=\u00a0\u00bb4.24.2&Prime; _module_preset=\u00a0\u00bbdefault\u00a0\u00bb global_colors_info=\u00a0\u00bb{}\u00a0\u00bb][et_pb_text _builder_version=\u00a0\u00bb4.27.4&Prime; _module_preset=\u00a0\u00bb95c8dd15-4005-4f68-b837-6b3e674b00a3&Prime; header_4_text_color=\u00a0\u00bbgcid-026ff79c-cfbd-4464-8301-81adff325a85&Prime; custom_margin=\u00a0\u00bb||0px||false|false\u00a0\u00bb inline_fonts=\u00a0\u00bbPlayfair Display\u00a0\u00bb global_colors_info=\u00a0\u00bb{%22gcid-026ff79c-cfbd-4464-8301-81adff325a85%22:%91%22header_4_text_color%22%93}\u00a0\u00bb]<\/p>\n<h4 style=\"text-align: center;\"><span style=\"color: #9d7153; font-family: 'Playfair Display';\"><strong>ADRESSE<\/strong><\/span><\/h4>\n<p>[\/et_pb_text][et_pb_text _builder_version=\u00a0\u00bb4.27.4&Prime; _module_preset=\u00a0\u00bb6920fed6-c23b-4f65-9de1-6aaf9b6afe71&Prime; text_text_color=\u00a0\u00bb#000000&Prime; link_text_color=\u00a0\u00bb#000000&Prime; custom_margin=\u00a0\u00bb||10px||false|false\u00a0\u00bb inline_fonts=\u00a0\u00bbLora\u00a0\u00bb global_colors_info=\u00a0\u00bb{}\u00a0\u00bb]<\/p>\n<p style=\"text-align: center;\"><span style=\"font-family: Lora; font-weight: normal;\">24 RUE CLOS DU GOLF, 13370 MALLEMORT<\/span><\/p>\n<p>[\/et_pb_text][\/et_pb_column][et_pb_column type=\u00a0\u00bb1_3&Prime; _builder_version=\u00a0\u00bb4.24.2&Prime; _module_preset=\u00a0\u00bbdefault\u00a0\u00bb global_colors_info=\u00a0\u00bb{}\u00a0\u00bb][et_pb_text _builder_version=\u00a0\u00bb4.27.4&Prime; _module_preset=\u00a0\u00bb95c8dd15-4005-4f68-b837-6b3e674b00a3&Prime; header_4_text_color=\u00a0\u00bbgcid-026ff79c-cfbd-4464-8301-81adff325a85&Prime; custom_margin=\u00a0\u00bb||0px||false|false\u00a0\u00bb inline_fonts=\u00a0\u00bbPlayfair Display\u00a0\u00bb global_colors_info=\u00a0\u00bb{%22gcid-026ff79c-cfbd-4464-8301-81adff325a85%22:%91%22header_4_text_color%22%93}\u00a0\u00bb]<\/p>\n<h4 style=\"text-align: center;\"><span style=\"color: #9d7153; font-family: 'Playfair Display';\"><strong>SUIVEZ NOUS<\/strong><\/span><\/h4>\n<p>[\/et_pb_text][et_pb_text _builder_version=\u00a0\u00bb4.27.4&Prime; _module_preset=\u00a0\u00bb6920fed6-c23b-4f65-9de1-6aaf9b6afe71&Prime; text_text_color=\u00a0\u00bb#000000&Prime; link_text_color=\u00a0\u00bb#000000&Prime; custom_margin=\u00a0\u00bb||10px||false|false\u00a0\u00bb link_option_url=\u00a0\u00bbhttps:\/\/www.instagram.com\/heos_productions\/\u00a0\u00bb link_option_url_new_window=\u00a0\u00bbon\u00a0\u00bb inline_fonts=\u00a0\u00bbLora\u00a0\u00bb global_colors_info=\u00a0\u00bb{}\u00a0\u00bb]<\/p>\n<p style=\"text-align: center;\"><span style=\"font-family: Lora;\">INSTAGRAM<\/span><\/p>\n<p>[\/et_pb_text][et_pb_text _builder_version=\u00a0\u00bb4.27.4&Prime; _module_preset=\u00a0\u00bb6920fed6-c23b-4f65-9de1-6aaf9b6afe71&Prime; text_text_color=\u00a0\u00bb#000000&Prime; link_text_color=\u00a0\u00bb#000000&Prime; custom_margin=\u00a0\u00bb||10px||false|false\u00a0\u00bb link_option_url=\u00a0\u00bbhttps:\/\/www.facebook.com\/people\/HEOS-Productions\/61573965878210\/?mibextid=wwXIfr&#038;rdid=BfU16aQCHpitTMzU&#038;share_url=https%3A%2F%2Fwww.facebook.com%2Fshare%2F1LjHGLwPWL%2F%3Fmibextid%3DwwXIfr\u00a0\u00bb link_option_url_new_window=\u00a0\u00bbon\u00a0\u00bb inline_fonts=\u00a0\u00bbLora\u00a0\u00bb global_colors_info=\u00a0\u00bb{}\u00a0\u00bb]<\/p>\n<p style=\"text-align: center;\"><span style=\"font-family: Lora;\">FACEBOOK<\/span><\/p>\n<p>[\/et_pb_text][\/et_pb_column][\/et_pb_row][\/et_pb_section]<\/p>\n","protected":false},"excerpt":{"rendered":"<p>ARTISTES VISUELSBessie Coopernous rejoindre &nbsp;Vous \u00eates artiste, chanteur ou passionn\u00e9 de musique et vous souhaitez collaborer avec nous ?L\u2019\u00e9quipe HEOS PRODUCTIONS est \u00e0 votre \u00e9coute pour r\u00e9pondre \u00e0 vos questions et \u00e9changer sur vos projets.Nous vous r\u00e9pondrons dans les plus brefs d\u00e9lais.Contactsheos.productions@yahoo.com06 60 84 39 57ADRESSE24 RUE CLOS DU GOLF, 13370 MALLEMORTSUIVEZ NOUSINSTAGRAMFACEBOOK<\/p>\n","protected":false},"author":1,"featured_media":0,"parent":0,"menu_order":0,"comment_status":"closed","ping_status":"closed","template":"","meta":{"_et_pb_use_builder":"on","_et_pb_old_content":"","_et_gb_content_width":"","footnotes":""},"class_list":["post-266","page","type-page","status-publish","hentry"],"yoast_head":"<!-- This site is optimized with the Yoast SEO plugin v26.0 - https:\/\/yoast.com\/wordpress\/plugins\/seo\/ -->\n<title>ARTISTES VISUELS - HEOS PRODUCTIONS<\/title>\n<meta name=\"robots\" content=\"index, follow, max-snippet:-1, max-image-preview:large, max-video-preview:-1\" \/>\n<link rel=\"canonical\" href=\"https:\/\/heos-productions.fr\/?page_id=266\" \/>\n<meta property=\"og:locale\" content=\"fr_FR\" \/>\n<meta property=\"og:type\" content=\"article\" \/>\n<meta property=\"og:title\" content=\"ARTISTES VISUELS - HEOS PRODUCTIONS\" \/>\n<meta property=\"og:description\" content=\"ARTISTES VISUELSBessie Coopernous rejoindre &nbsp;Vous \u00eates artiste, chanteur ou passionn\u00e9 de musique et vous souhaitez collaborer avec nous ?L\u2019\u00e9quipe HEOS PRODUCTIONS est \u00e0 votre \u00e9coute pour r\u00e9pondre \u00e0 vos questions et \u00e9changer sur vos projets.Nous vous r\u00e9pondrons dans les plus brefs d\u00e9lais.Contactsheos.productions@yahoo.com06 60 84 39 57ADRESSE24 RUE CLOS DU GOLF, 13370 MALLEMORTSUIVEZ NOUSINSTAGRAMFACEBOOK\" \/>\n<meta property=\"og:url\" content=\"https:\/\/heos-productions.fr\/?page_id=266\" \/>\n<meta property=\"og:site_name\" content=\"HEOS PRODUCTIONS\" \/>\n<meta property=\"article:modified_time\" content=\"2025-04-22T08:39:39+00:00\" \/>\n<meta name=\"twitter:card\" content=\"summary_large_image\" \/>\n<meta name=\"twitter:label1\" content=\"Dur\u00e9e de lecture estim\u00e9e\" \/>\n\t<meta name=\"twitter:data1\" content=\"5 minutes\" \/>\n<script type=\"application\/ld+json\" class=\"yoast-schema-graph\">{\"@context\":\"https:\/\/schema.org\",\"@graph\":[{\"@type\":\"WebPage\",\"@id\":\"https:\/\/heos-productions.fr\/?page_id=266\",\"url\":\"https:\/\/heos-productions.fr\/?page_id=266\",\"name\":\"ARTISTES VISUELS - HEOS PRODUCTIONS\",\"isPartOf\":{\"@id\":\"https:\/\/heos-productions.fr\/#website\"},\"datePublished\":\"2025-04-07T13:54:44+00:00\",\"dateModified\":\"2025-04-22T08:39:39+00:00\",\"breadcrumb\":{\"@id\":\"https:\/\/heos-productions.fr\/?page_id=266#breadcrumb\"},\"inLanguage\":\"fr-FR\",\"potentialAction\":[{\"@type\":\"ReadAction\",\"target\":[\"https:\/\/heos-productions.fr\/?page_id=266\"]}]},{\"@type\":\"BreadcrumbList\",\"@id\":\"https:\/\/heos-productions.fr\/?page_id=266#breadcrumb\",\"itemListElement\":[{\"@type\":\"ListItem\",\"position\":1,\"name\":\"Accueil\",\"item\":\"https:\/\/heos-productions.fr\/\"},{\"@type\":\"ListItem\",\"position\":2,\"name\":\"ARTISTES VISUELS\"}]},{\"@type\":\"WebSite\",\"@id\":\"https:\/\/heos-productions.fr\/#website\",\"url\":\"https:\/\/heos-productions.fr\/\",\"name\":\"HEOS PRODUCTIONS\",\"description\":\"Heos Productions\",\"potentialAction\":[{\"@type\":\"SearchAction\",\"target\":{\"@type\":\"EntryPoint\",\"urlTemplate\":\"https:\/\/heos-productions.fr\/?s={search_term_string}\"},\"query-input\":{\"@type\":\"PropertyValueSpecification\",\"valueRequired\":true,\"valueName\":\"search_term_string\"}}],\"inLanguage\":\"fr-FR\"}]}<\/script>\n<!-- \/ Yoast SEO plugin. -->","yoast_head_json":{"title":"ARTISTES VISUELS - HEOS PRODUCTIONS","robots":{"index":"index","follow":"follow","max-snippet":"max-snippet:-1","max-image-preview":"max-image-preview:large","max-video-preview":"max-video-preview:-1"},"canonical":"https:\/\/heos-productions.fr\/?page_id=266","og_locale":"fr_FR","og_type":"article","og_title":"ARTISTES VISUELS - HEOS PRODUCTIONS","og_description":"ARTISTES VISUELSBessie Coopernous rejoindre &nbsp;Vous \u00eates artiste, chanteur ou passionn\u00e9 de musique et vous souhaitez collaborer avec nous ?L\u2019\u00e9quipe HEOS PRODUCTIONS est \u00e0 votre \u00e9coute pour r\u00e9pondre \u00e0 vos questions et \u00e9changer sur vos projets.Nous vous r\u00e9pondrons dans les plus brefs d\u00e9lais.Contactsheos.productions@yahoo.com06 60 84 39 57ADRESSE24 RUE CLOS DU GOLF, 13370 MALLEMORTSUIVEZ NOUSINSTAGRAMFACEBOOK","og_url":"https:\/\/heos-productions.fr\/?page_id=266","og_site_name":"HEOS PRODUCTIONS","article_modified_time":"2025-04-22T08:39:39+00:00","twitter_card":"summary_large_image","twitter_misc":{"Dur\u00e9e de lecture estim\u00e9e":"5 minutes"},"schema":{"@context":"https:\/\/schema.org","@graph":[{"@type":"WebPage","@id":"https:\/\/heos-productions.fr\/?page_id=266","url":"https:\/\/heos-productions.fr\/?page_id=266","name":"ARTISTES VISUELS - HEOS PRODUCTIONS","isPartOf":{"@id":"https:\/\/heos-productions.fr\/#website"},"datePublished":"2025-04-07T13:54:44+00:00","dateModified":"2025-04-22T08:39:39+00:00","breadcrumb":{"@id":"https:\/\/heos-productions.fr\/?page_id=266#breadcrumb"},"inLanguage":"fr-FR","potentialAction":[{"@type":"ReadAction","target":["https:\/\/heos-productions.fr\/?page_id=266"]}]},{"@type":"BreadcrumbList","@id":"https:\/\/heos-productions.fr\/?page_id=266#breadcrumb","itemListElement":[{"@type":"ListItem","position":1,"name":"Accueil","item":"https:\/\/heos-productions.fr\/"},{"@type":"ListItem","position":2,"name":"ARTISTES VISUELS"}]},{"@type":"WebSite","@id":"https:\/\/heos-productions.fr\/#website","url":"https:\/\/heos-productions.fr\/","name":"HEOS PRODUCTIONS","description":"Heos Productions","potentialAction":[{"@type":"SearchAction","target":{"@type":"EntryPoint","urlTemplate":"https:\/\/heos-productions.fr\/?s={search_term_string}"},"query-input":{"@type":"PropertyValueSpecification","valueRequired":true,"valueName":"search_term_string"}}],"inLanguage":"fr-FR"}]}},"_links":{"self":[{"href":"https:\/\/heos-productions.fr\/index.php?rest_route=\/wp\/v2\/pages\/266","targetHints":{"allow":["GET"]}}],"collection":[{"href":"https:\/\/heos-productions.fr\/index.php?rest_route=\/wp\/v2\/pages"}],"about":[{"href":"https:\/\/heos-productions.fr\/index.php?rest_route=\/wp\/v2\/types\/page"}],"author":[{"embeddable":true,"href":"https:\/\/heos-productions.fr\/index.php?rest_route=\/wp\/v2\/users\/1"}],"replies":[{"embeddable":true,"href":"https:\/\/heos-productions.fr\/index.php?rest_route=%2Fwp%2Fv2%2Fcomments&post=266"}],"version-history":[{"count":11,"href":"https:\/\/heos-productions.fr\/index.php?rest_route=\/wp\/v2\/pages\/266\/revisions"}],"predecessor-version":[{"id":547,"href":"https:\/\/heos-productions.fr\/index.php?rest_route=\/wp\/v2\/pages\/266\/revisions\/547"}],"wp:attachment":[{"href":"https:\/\/heos-productions.fr\/index.php?rest_route=%2Fwp%2Fv2%2Fmedia&parent=266"}],"curies":[{"name":"wp","href":"https:\/\/api.w.org\/{rel}","templated":true}]}}